{"id":21,"date":"2025-10-22T10:42:44","date_gmt":"2025-10-22T10:42:44","guid":{"rendered":"https:\/\/borsvarlden.tacotech.se\/?page_id=21"},"modified":"2026-04-07T10:53:56","modified_gmt":"2026-04-07T10:53:56","slug":"samla-lan","status":"publish","type":"page","link":"https:\/\/borsvarlden.tacotech.se\/lan\/samla-lan\/","title":{"rendered":"Samla l\u00e5n"},"content":{"rendered":"\n<h2 class=\"wp-block-heading\">Samla l\u00e5n b\u00e4st r\u00e4nta (tabell)<\/h2>\n\n\n\n<figure class=\"wp-block-table is-style-borsvarlden-table\"><table class=\"has-fixed-layout\"><thead><tr><th>Samlingsl\u00e5n<\/th><th>R\u00e4nta fr\u00e5n<\/th><th>Samla upp till<\/th><\/tr><\/thead><tbody><tr><td>Sambla<\/td><td>4,50%<\/td><td>800 000 kr<\/td><\/tr><tr><td>Lendo<\/td><td>4,95%<\/td><td>800 000 kr<\/td><\/tr><tr><td>Advisa<\/td><td>4,50%<\/td><td>800 000 kr<\/td><\/tr><tr><td>Enklare<\/td><td>4,50%<\/td><td>800 000 kr<\/td><\/tr><tr><td>Zmarta<\/td><td>4,95%<\/td><td>800 000 kr<\/td><\/tr><\/tbody><\/table><\/figure>\n\n\n\n<h2 class=\"wp-block-heading\">Samla l\u00e5n b\u00e4st i test<\/h2>\n\n\n\n<figure class=\"wp-block-table is-style-borsvarlden-table\"><table class=\"has-fixed-layout\"><thead><tr><th>Samlingsl\u00e5n<\/th><th>Betyg (1-5)<\/th><\/tr><\/thead><tbody><tr><td>Sambla<\/td><td>4,8<\/td><\/tr><tr><td>Lendo<\/td><td>4,7<\/td><\/tr><tr><td>Advisa<\/td><td>4,7<\/td><\/tr><tr><td>Enklare<\/td><td>4,6<\/td><\/tr><tr><td>Zmarta<\/td><td>4,5<\/td><\/tr><\/tbody><\/table><\/figure>\n\n\n\n<h2 class=\"wp-block-heading\">Vad betyder det att samla l\u00e5n?<\/h2>\n\n\n\n<p>N\u00e4r du samlar l\u00e5n tar du ett nytt privatl\u00e5n f\u00f6r att l\u00f6sa befintliga skulder. Det kan handla om tidigare l\u00e5n,  kreditkort, snabbl\u00e5n eller delbetalningar. Ist\u00e4llet f\u00f6r m\u00e5nga olika fakturor och r\u00e4ntor har du endast ett l\u00e5n med en m\u00e5nadskostnad. Du f\u00e5r oftast ett mycket <a href=\"https:\/\/borsvarlden.tacotech.se\/lan\/billiga-lan\/\">billigt privatl\u00e5n<\/a> som \u00e4r enkelt att hantera till bra villkor.<\/p>\n\n\n\n<p>Det g\u00e5r att samla l\u00e5n upp till 800 000 kr och ans\u00f6kan \u00e4r enkel att g\u00f6ra. Det b\u00e4sta \u00e4r att v\u00e4nda sig till en <a href=\"https:\/\/borsvarlden.tacotech.se\/lan\/laneformedlare\/\">l\u00e5nef\u00f6rmedlare<\/a> som samlar flera banker i en ans\u00f6kan. Du anger i din ans\u00f6kan att det g\u00e4ller omfinansiering\/refinansiering av befintliga skulder.<\/p>\n\n\n\n<h2 class=\"wp-block-heading\">Hur fungerar det att samla l\u00e5n?<\/h2>\n\n\n\n<p>Ett samlingsl\u00e5n \u00e4r egentligen inte s\u00e5 mycket mer komplicerat \u00e4n att ans\u00f6ka om ett vanliga l\u00e5n. Skillnaden \u00e4r bara syftet med l\u00e5net, och att vissa banker sj\u00e4lva kr\u00e4ver att de genomf\u00f6r avbetalningen av dina andra skulder men i vissa fall \u00e4r det upp till dig att ordna.<\/p>\n\n\n\n<p><strong>Processen f\u00f6r att ans\u00f6ka om samlingsl\u00e5n \u00e4r enkel:<\/strong><\/p>\n\n\n\n<ol class=\"wp-block-list\">\n<li>Du ans\u00f6ker om ett privatl\u00e5n utan s\u00e4kerhet (hos t.ex. Sambla, Lendo eller Advisa)<\/li>\n\n\n\n<li>Banken g\u00f6r en kreditpr\u00f6vning via UC eller alternativa kreditupplysningsf\u00f6retag som Bisnode eller Creditsafe.<\/li>\n\n\n\n<li>N\u00e4r l\u00e5net beviljas l\u00f6ser l\u00e5ngivaren dina befintliga skulder.<\/li>\n\n\n\n<li>Du betalar sedan av p\u00e5 det nya l\u00e5net enligt en fast amorteringsplan.<br><\/li>\n<\/ol>\n\n\n\n<h2 class=\"wp-block-heading\">F\u00f6rdelar med ett samlingsl\u00e5n<\/h2>\n\n\n\n<p>Som n\u00e4mnt \u00e4r den <strong>absolut st\u00f6rsta f\u00f6rdelen med samlingsl\u00e5n att s\u00e4nka din befinltiga r\u00e4nta och r\u00e4ntekostnad<\/strong>. Det \u00e4r inte ovanligt att man har dragit p\u00e5 sig mindre dyra krediter som enkelt kan g\u00f6ras om till ett st\u00f6rre och billigare l\u00e5n. L\u00e5t oss g\u00f6ra det extra tydligt med ett exempel.<\/p>\n\n\n\n<p><strong>Om du har:<\/strong><\/p>\n\n\n\n<ul class=\"wp-block-list\">\n<li><strong>Kreditkortsskulder:<\/strong> 50 000 kr till 19% r\u00e4nta<\/li>\n\n\n\n<li><strong>Snabbl\u00e5n: <\/strong>30 000 kr till 35% r\u00e4nta<\/li>\n\n\n\n<li><strong>Delbetalning:<\/strong> 20 000 kr till 15% r\u00e4nta<\/li>\n\n\n\n<li><strong>Totalt skulder p\u00e5 100 000 kr.<\/strong><\/li>\n<\/ul>\n\n\n\n<p>M\u00e5nadskostnaden kan ligga p\u00e5 \u00f6ver 4 000 kr och den effektiva r\u00e4ntan p\u00e5 \u00f6ver 20%. Om du ist\u00e4llet samlar l\u00e5nen till ett privatl\u00e5n p\u00e5 100 000 kr i 7 \u00e5r med 8,9% effektiv r\u00e4nta blir m\u00e5nadskostnaden cirka 1 585 kr. Det \u00e4r en besparing p\u00e5 cirka 2400 kr per m\u00e5nad som du kan l\u00e4gga p\u00e5 annat eller amortera mer med.<\/p>\n\n\n\n<h2 class=\"wp-block-heading\">Vilka krav g\u00e4ller f\u00f6r att samla l\u00e5n?<\/h2>\n\n\n\n<p>Banker och l\u00e5ngivare st\u00e4ller olika krav p\u00e5 dig som l\u00e5ntagare. Nedan kan du anta \u00e4r ett form av grundkrav, olika l\u00e5ngivare kan i sin tur ha olika krav. F\u00f6r att \u00f6ka dina chanser f\u00f6r att bli beviljad ett l\u00e5n kan det vara en bra id\u00e9 att ta hj\u00e4lp av en meds\u00f6kande.<\/p>\n\n\n\n<p><strong>Krav f\u00f6r att bli godk\u00e4nt ett samlingsl\u00e5n:<\/strong><\/p>\n\n\n\n<ul class=\"wp-block-list\">\n<li>Du beh\u00f6ver vara minst 18 \u00e5r<\/li>\n\n\n\n<li>Ha en inkomst<\/li>\n\n\n\n<li>Inte f\u00f6r m\u00e5nga tidigare betalningsanm\u00e4rkningar<\/li>\n\n\n\n<li>Inte vara hos KFM<\/li>\n<\/ul>\n\n\n\n<h2 class=\"wp-block-heading\">Regler och kreditvillkor<\/h2>\n\n\n\n<p>Alla samlingsl\u00e5n regleras av Konsumentkreditlagen. Reglerna f\u00f6r ett samlingsl\u00e5n \u00e4r likv\u00e4rdiga vid ett privatl\u00e5n och villkoren f\u00f6r l\u00e5net regleras i vad som kallas f\u00f6r dina l\u00e5nevillkor fr\u00e5n banken.<\/p>\n\n\n\n<p><strong>Du har alltid r\u00e4tt till:<\/strong><\/p>\n\n\n\n<ul class=\"wp-block-list\">\n<li>Minst 14 dagars \u00e5ngerr\u00e4tt.<\/li>\n\n\n\n<li>R\u00e4tt att n\u00e4r som helst l\u00f6sa l\u00e5net i f\u00f6rtid.<\/li>\n\n\n\n<li>Tydlig information om nominell och effektiv r\u00e4nta.<\/li>\n<\/ul>\n\n\n\n<p>Fr\u00e5n och med 2025 trappas r\u00e4nteavdraget f\u00f6r l\u00e5n utan s\u00e4kerhet ner fr\u00e5n 15 % till 0 %. F\u00f6r l\u00e5n med s\u00e4kerhet g\u00e4ller fortsatt 30 % avdrag upp till 100 000 kr i r\u00e4ntekostnader och 21 % \u00f6ver det, enligt Skatteverket.<\/p>\n\n\n\n<h2 class=\"wp-block-heading\">N\u00e4r l\u00f6nar det sig att samla l\u00e5n?<\/h2>\n\n\n\n<p>Vi p\u00e5 B\u00f6rsv\u00e4rlden anser att det i m\u00e5nga fall l\u00f6nar sig att ans\u00f6ka om ett samlingsl\u00e5n. I grund och botten handlar det om att ta bort on\u00f6digt dyra krediter och f\u00f6rs\u00f6ka s\u00e4nka r\u00e4ntan p\u00e5 dina befinliga. F\u00f6r de flesta inneb\u00e4r det en besparing p\u00e5 upp till 1800 kr per \u00e5r.<\/p>\n\n\n\n<p><strong>Det \u00e4r s\u00e4rskilt l\u00f6nsamt om:<\/strong><\/p>\n\n\n\n<ul class=\"wp-block-list\">\n<li>Du har m\u00e5nga sm\u00e5krediter med h\u00f6g r\u00e4nta.<\/li>\n\n\n\n<li>Du betalar flera uppl\u00e4ggnings- och aviavgifter varje m\u00e5nad.<\/li>\n\n\n\n<li>Du vill f\u00e5 b\u00e4ttre kontroll p\u00e5 din privatekonomi.<\/li>\n<\/ul>\n\n\n\n<h2 class=\"wp-block-heading\">Risker med att samla l\u00e5n<\/h2>\n\n\n\n<p>Som med allt n\u00e4r det g\u00e4ller l\u00e5n finns det risker och du b\u00f6r l\u00e5na pengar med f\u00f6rsiktighet. Det g\u00e4ller \u00e4ven samlingsl\u00e5n och det kan leda till skulds\u00e4ttning om du inte \u00e4r f\u00f6rsiktig. Samlingsl\u00e5nets syfte \u00e4r att betala av andra skulder s\u00e5 i praktiken leder det inte till h\u00f6gre skulds\u00e4ttning.<\/p>\n\n\n\n<p><strong>Risker du b\u00f6r vara vaksam f\u00f6r:<\/strong><\/p>\n\n\n\n<ul class=\"wp-block-list\">\n<li>H\u00f6gre total kostnad f\u00f6r l\u00e5net<\/li>\n\n\n\n<li>Risk f\u00f6r skulds\u00e4ttning<\/li>\n\n\n\n<li>Kan leda till betalningsanm\u00e4rkningar<\/li>\n<\/ul>\n\n\n\n<h2 class=\"wp-block-heading\">Vanliga fr\u00e5gor<\/h2>\n\n\n\n<div class=\"schema-faq wp-block-yoast-faq-block\"><div class=\"schema-faq-section\" id=\"faq-question-1765182983187\"><strong class=\"schema-faq-question\">\u00c4r det v\u00e4rt att samla l\u00e5n?<\/strong> <p class=\"schema-faq-answer\">Ja, det \u00e4r v\u00e4rt att samla flera l\u00e5n och krediter till ett st\u00f6rre. Du f\u00e5r oftast en l\u00e4gre r\u00e4nta och det \u00e4r betydligt enklare att hantera och betala av ett l\u00e5n \u00e4n flera sm\u00e5.<\/p> <\/div> <div class=\"schema-faq-section\" id=\"faq-question-1765183156314\"><strong class=\"schema-faq-question\">Vad \u00e4r kraven f\u00f6r att f\u00e5 ett samlingsl\u00e5n?<\/strong> <p class=\"schema-faq-answer\">Eftersom du l\u00e5nar ett st\u00f6rre belopp kan kraven p\u00e5 dig och din ekonomi \u00e4ven bli st\u00f6rre. Det som kr\u00e4vs \u00e4r att en inkomst, att du \u00e4r 18 \u00e5r och inte har f\u00f6r m\u00e5nga betalningsanm\u00e4rkningar. Vi rekommenderar dig att s\u00f6ka och se vilka som kan bevilja dig, ans\u00f6kan \u00e4r alltid f\u00f6ruts\u00e4ttningsl\u00f6s.<\/p> <\/div> <div class=\"schema-faq-section\" id=\"faq-question-1768311885298\"><strong class=\"schema-faq-question\">\u00c4r det dumt att samla l\u00e5n?<\/strong> <p class=\"schema-faq-answer\">\u00d6verlag att samla sm\u00e5 krediter till ett st\u00f6rre med l\u00e4gre r\u00e4nta \u00e4r bra. Men det \u00e4r viktigt att du inte bara skjuter upp kostnaden genom l\u00e4ngre \u00e5terbetalningstid. D\u00e5 kan det vara dumt.<\/p> <\/div> <\/div>\n","protected":false},"excerpt":{"rendered":"<p>Samla l\u00e5n b\u00e4st r\u00e4nta (tabell) Samlingsl\u00e5n R\u00e4nta fr\u00e5n Samla upp till Sambla 4,50% 800 000 kr Lendo 4,95% 800 000 kr Advisa 4,50% 800 000 kr Enklare 4,50% 800 000 kr Zmarta 4,95% 800 000 kr Samla l\u00e5n b\u00e4st i test Samlingsl\u00e5n Betyg (1-5) Sambla 4,8 Lendo 4,7 Advisa 4,7 Enklare 4,6 Zmarta 4,5 Vad&hellip;&nbsp;<\/p>\n","protected":false},"author":2,"featured_media":419,"parent":15,"menu_order":0,"comment_status":"closed","ping_status":"closed","template":"","meta":{"_acf_changed":false,"neve_meta_sidebar":"","neve_meta_container":"","neve_meta_enable_content_width":"","neve_meta_content_width":0,"neve_meta_title_alignment":"","neve_meta_author_avatar":"","neve_post_elements_order":"","neve_meta_disable_header":"","neve_meta_disable_footer":"","neve_meta_disable_title":"","footnotes":""},"class_list":["post-21","page","type-page","status-publish","has-post-thumbnail","hentry"],"acf":[],"yoast_head":"<!-- This site is optimized with the Yoast SEO plugin v27.4 - https:\/\/yoast.com\/product\/yoast-seo-wordpress\/ -->\n<title>Samla l\u00e5n &amp; krediter - Hitta b\u00e4sta samlingsl\u00e5net 2026<\/title>\n<meta name=\"description\" content=\"Samla dina dyra l\u00e5n och krediter till ett samlingsl\u00e5n. Vi p\u00e5 B\u00f6rsv\u00e4rlden har samlat de b\u00e4sta samlingsl\u00e5nen 2026.\" \/>\n<meta property=\"og:locale\" content=\"sv_SE\" \/>\n<meta property=\"og:type\" content=\"article\" \/>\n<meta property=\"og:title\" content=\"Samla l\u00e5n &amp; krediter - Hitta b\u00e4sta samlingsl\u00e5net 2026\" \/>\n<meta property=\"og:description\" content=\"Samla dina dyra l\u00e5n och krediter till ett samlingsl\u00e5n. Vi p\u00e5 B\u00f6rsv\u00e4rlden har samlat de b\u00e4sta samlingsl\u00e5nen 2026.\" \/>\n<meta property=\"og:url\" content=\"https:\/\/borsvarlden.tacotech.se\/lan\/samla-lan\/\" \/>\n<meta property=\"og:site_name\" content=\"Borsvarlden\" \/>\n<meta property=\"article:modified_time\" content=\"2026-04-07T10:53:56+00:00\" \/>\n<meta property=\"og:image\" content=\"https:\/\/borsvarlden.tacotech.se\/wp-content\/uploads\/samla-lan-och-krediter-borsvarlden.webp\" \/>\n\t<meta property=\"og:image:width\" content=\"1920\" \/>\n\t<meta property=\"og:image:height\" content=\"1080\" \/>\n\t<meta property=\"og:image:type\" content=\"image\/webp\" \/>\n<meta name=\"twitter:card\" content=\"summary_large_image\" \/>\n<meta name=\"twitter:label1\" content=\"Ber\u00e4knad l\u00e4stid\" \/>\n\t<meta name=\"twitter:data1\" content=\"5 minuter\" \/>\n<script type=\"application\/ld+json\" class=\"yoast-schema-graph\">{\"@context\":\"https:\\\/\\\/schema.org\",\"@graph\":[{\"@type\":[\"WebPage\",\"FAQPage\"],\"@id\":\"https:\\\/\\\/borsvarlden.tacotech.se\\\/lan\\\/samla-lan\\\/\",\"url\":\"https:\\\/\\\/borsvarlden.tacotech.se\\\/lan\\\/samla-lan\\\/\",\"name\":\"Samla l\u00e5n & krediter - Hitta b\u00e4sta samlingsl\u00e5net 2026\",\"isPartOf\":{\"@id\":\"https:\\\/\\\/borsvarlden.tacotech.se\\\/#website\"},\"primaryImageOfPage\":{\"@id\":\"https:\\\/\\\/borsvarlden.tacotech.se\\\/lan\\\/samla-lan\\\/#primaryimage\"},\"image\":{\"@id\":\"https:\\\/\\\/borsvarlden.tacotech.se\\\/lan\\\/samla-lan\\\/#primaryimage\"},\"thumbnailUrl\":\"https:\\\/\\\/borsvarlden.tacotech.se\\\/wp-content\\\/uploads\\\/samla-lan-och-krediter-borsvarlden.webp\",\"datePublished\":\"2025-10-22T10:42:44+00:00\",\"dateModified\":\"2026-04-07T10:53:56+00:00\",\"description\":\"Samla dina dyra l\u00e5n och krediter till ett samlingsl\u00e5n. Vi p\u00e5 B\u00f6rsv\u00e4rlden har samlat de b\u00e4sta samlingsl\u00e5nen 2026.\",\"breadcrumb\":{\"@id\":\"https:\\\/\\\/borsvarlden.tacotech.se\\\/lan\\\/samla-lan\\\/#breadcrumb\"},\"mainEntity\":[{\"@id\":\"https:\\\/\\\/borsvarlden.tacotech.se\\\/lan\\\/samla-lan\\\/#faq-question-1765182983187\"},{\"@id\":\"https:\\\/\\\/borsvarlden.tacotech.se\\\/lan\\\/samla-lan\\\/#faq-question-1765183156314\"},{\"@id\":\"https:\\\/\\\/borsvarlden.tacotech.se\\\/lan\\\/samla-lan\\\/#faq-question-1768311885298\"}],\"inLanguage\":\"sv-SE\",\"potentialAction\":[{\"@type\":\"ReadAction\",\"target\":[\"https:\\\/\\\/borsvarlden.tacotech.se\\\/lan\\\/samla-lan\\\/\"]}]},{\"@type\":\"ImageObject\",\"inLanguage\":\"sv-SE\",\"@id\":\"https:\\\/\\\/borsvarlden.tacotech.se\\\/lan\\\/samla-lan\\\/#primaryimage\",\"url\":\"https:\\\/\\\/borsvarlden.tacotech.se\\\/wp-content\\\/uploads\\\/samla-lan-och-krediter-borsvarlden.webp\",\"contentUrl\":\"https:\\\/\\\/borsvarlden.tacotech.se\\\/wp-content\\\/uploads\\\/samla-lan-och-krediter-borsvarlden.webp\",\"width\":1920,\"height\":1080},{\"@type\":\"BreadcrumbList\",\"@id\":\"https:\\\/\\\/borsvarlden.tacotech.se\\\/lan\\\/samla-lan\\\/#breadcrumb\",\"itemListElement\":[{\"@type\":\"ListItem\",\"position\":1,\"name\":\"B\u00f6rsv\u00e4rlden\",\"item\":\"https:\\\/\\\/borsvarlden.com\\\/\"},{\"@type\":\"ListItem\",\"position\":2,\"name\":\"Privatekonomi\",\"item\":\"https:\\\/\\\/borsvarlden.tacotech.se\\\/\"},{\"@type\":\"ListItem\",\"position\":3,\"name\":\"L\u00e5n\",\"item\":\"https:\\\/\\\/borsvarlden.tacotech.se\\\/lan\\\/\"},{\"@type\":\"ListItem\",\"position\":4,\"name\":\"Samla l\u00e5n\"}]},{\"@type\":\"WebSite\",\"@id\":\"https:\\\/\\\/borsvarlden.tacotech.se\\\/#website\",\"url\":\"https:\\\/\\\/borsvarlden.tacotech.se\\\/\",\"name\":\"Borsvarlden\",\"description\":\"\",\"potentialAction\":[{\"@type\":\"SearchAction\",\"target\":{\"@type\":\"EntryPoint\",\"urlTemplate\":\"https:\\\/\\\/borsvarlden.tacotech.se\\\/?s={search_term_string}\"},\"query-input\":{\"@type\":\"PropertyValueSpecification\",\"valueRequired\":true,\"valueName\":\"search_term_string\"}}],\"inLanguage\":\"sv-SE\"},{\"@type\":\"Question\",\"@id\":\"https:\\\/\\\/borsvarlden.tacotech.se\\\/lan\\\/samla-lan\\\/#faq-question-1765182983187\",\"position\":1,\"url\":\"https:\\\/\\\/borsvarlden.tacotech.se\\\/lan\\\/samla-lan\\\/#faq-question-1765182983187\",\"name\":\"\u00c4r det v\u00e4rt att samla l\u00e5n?\",\"answerCount\":1,\"acceptedAnswer\":{\"@type\":\"Answer\",\"text\":\"Ja, det \u00e4r v\u00e4rt att samla flera l\u00e5n och krediter till ett st\u00f6rre. Du f\u00e5r oftast en l\u00e4gre r\u00e4nta och det \u00e4r betydligt enklare att hantera och betala av ett l\u00e5n \u00e4n flera sm\u00e5.\",\"inLanguage\":\"sv-SE\"},\"inLanguage\":\"sv-SE\"},{\"@type\":\"Question\",\"@id\":\"https:\\\/\\\/borsvarlden.tacotech.se\\\/lan\\\/samla-lan\\\/#faq-question-1765183156314\",\"position\":2,\"url\":\"https:\\\/\\\/borsvarlden.tacotech.se\\\/lan\\\/samla-lan\\\/#faq-question-1765183156314\",\"name\":\"Vad \u00e4r kraven f\u00f6r att f\u00e5 ett samlingsl\u00e5n?\",\"answerCount\":1,\"acceptedAnswer\":{\"@type\":\"Answer\",\"text\":\"Eftersom du l\u00e5nar ett st\u00f6rre belopp kan kraven p\u00e5 dig och din ekonomi \u00e4ven bli st\u00f6rre. Det som kr\u00e4vs \u00e4r att en inkomst, att du \u00e4r 18 \u00e5r och inte har f\u00f6r m\u00e5nga betalningsanm\u00e4rkningar. Vi rekommenderar dig att s\u00f6ka och se vilka som kan bevilja dig, ans\u00f6kan \u00e4r alltid f\u00f6ruts\u00e4ttningsl\u00f6s.\",\"inLanguage\":\"sv-SE\"},\"inLanguage\":\"sv-SE\"},{\"@type\":\"Question\",\"@id\":\"https:\\\/\\\/borsvarlden.tacotech.se\\\/lan\\\/samla-lan\\\/#faq-question-1768311885298\",\"position\":3,\"url\":\"https:\\\/\\\/borsvarlden.tacotech.se\\\/lan\\\/samla-lan\\\/#faq-question-1768311885298\",\"name\":\"\u00c4r det dumt att samla l\u00e5n?\",\"answerCount\":1,\"acceptedAnswer\":{\"@type\":\"Answer\",\"text\":\"\u00d6verlag att samla sm\u00e5 krediter till ett st\u00f6rre med l\u00e4gre r\u00e4nta \u00e4r bra. Men det \u00e4r viktigt att du inte bara skjuter upp kostnaden genom l\u00e4ngre \u00e5terbetalningstid. D\u00e5 kan det vara dumt.\",\"inLanguage\":\"sv-SE\"},\"inLanguage\":\"sv-SE\"}]}<\/script>\n<!-- \/ Yoast SEO plugin. -->","yoast_head_json":{"title":"Samla l\u00e5n & krediter - Hitta b\u00e4sta samlingsl\u00e5net 2026","description":"Samla dina dyra l\u00e5n och krediter till ett samlingsl\u00e5n. Vi p\u00e5 B\u00f6rsv\u00e4rlden har samlat de b\u00e4sta samlingsl\u00e5nen 2026.","og_locale":"sv_SE","og_type":"article","og_title":"Samla l\u00e5n & krediter - Hitta b\u00e4sta samlingsl\u00e5net 2026","og_description":"Samla dina dyra l\u00e5n och krediter till ett samlingsl\u00e5n. Vi p\u00e5 B\u00f6rsv\u00e4rlden har samlat de b\u00e4sta samlingsl\u00e5nen 2026.","og_url":"https:\/\/borsvarlden.tacotech.se\/lan\/samla-lan\/","og_site_name":"Borsvarlden","article_modified_time":"2026-04-07T10:53:56+00:00","og_image":[{"width":1920,"height":1080,"url":"https:\/\/borsvarlden.tacotech.se\/wp-content\/uploads\/samla-lan-och-krediter-borsvarlden.webp","type":"image\/webp"}],"twitter_card":"summary_large_image","twitter_misc":{"Ber\u00e4knad l\u00e4stid":"5 minuter"},"schema":{"@context":"https:\/\/schema.org","@graph":[{"@type":["WebPage","FAQPage"],"@id":"https:\/\/borsvarlden.tacotech.se\/lan\/samla-lan\/","url":"https:\/\/borsvarlden.tacotech.se\/lan\/samla-lan\/","name":"Samla l\u00e5n & krediter - Hitta b\u00e4sta samlingsl\u00e5net 2026","isPartOf":{"@id":"https:\/\/borsvarlden.tacotech.se\/#website"},"primaryImageOfPage":{"@id":"https:\/\/borsvarlden.tacotech.se\/lan\/samla-lan\/#primaryimage"},"image":{"@id":"https:\/\/borsvarlden.tacotech.se\/lan\/samla-lan\/#primaryimage"},"thumbnailUrl":"https:\/\/borsvarlden.tacotech.se\/wp-content\/uploads\/samla-lan-och-krediter-borsvarlden.webp","datePublished":"2025-10-22T10:42:44+00:00","dateModified":"2026-04-07T10:53:56+00:00","description":"Samla dina dyra l\u00e5n och krediter till ett samlingsl\u00e5n. Vi p\u00e5 B\u00f6rsv\u00e4rlden har samlat de b\u00e4sta samlingsl\u00e5nen 2026.","breadcrumb":{"@id":"https:\/\/borsvarlden.tacotech.se\/lan\/samla-lan\/#breadcrumb"},"mainEntity":[{"@id":"https:\/\/borsvarlden.tacotech.se\/lan\/samla-lan\/#faq-question-1765182983187"},{"@id":"https:\/\/borsvarlden.tacotech.se\/lan\/samla-lan\/#faq-question-1765183156314"},{"@id":"https:\/\/borsvarlden.tacotech.se\/lan\/samla-lan\/#faq-question-1768311885298"}],"inLanguage":"sv-SE","potentialAction":[{"@type":"ReadAction","target":["https:\/\/borsvarlden.tacotech.se\/lan\/samla-lan\/"]}]},{"@type":"ImageObject","inLanguage":"sv-SE","@id":"https:\/\/borsvarlden.tacotech.se\/lan\/samla-lan\/#primaryimage","url":"https:\/\/borsvarlden.tacotech.se\/wp-content\/uploads\/samla-lan-och-krediter-borsvarlden.webp","contentUrl":"https:\/\/borsvarlden.tacotech.se\/wp-content\/uploads\/samla-lan-och-krediter-borsvarlden.webp","width":1920,"height":1080},{"@type":"BreadcrumbList","@id":"https:\/\/borsvarlden.tacotech.se\/lan\/samla-lan\/#breadcrumb","itemListElement":[{"@type":"ListItem","position":1,"name":"B\u00f6rsv\u00e4rlden","item":"https:\/\/borsvarlden.com\/"},{"@type":"ListItem","position":2,"name":"Privatekonomi","item":"https:\/\/borsvarlden.tacotech.se\/"},{"@type":"ListItem","position":3,"name":"L\u00e5n","item":"https:\/\/borsvarlden.tacotech.se\/lan\/"},{"@type":"ListItem","position":4,"name":"Samla l\u00e5n"}]},{"@type":"WebSite","@id":"https:\/\/borsvarlden.tacotech.se\/#website","url":"https:\/\/borsvarlden.tacotech.se\/","name":"Borsvarlden","description":"","potentialAction":[{"@type":"SearchAction","target":{"@type":"EntryPoint","urlTemplate":"https:\/\/borsvarlden.tacotech.se\/?s={search_term_string}"},"query-input":{"@type":"PropertyValueSpecification","valueRequired":true,"valueName":"search_term_string"}}],"inLanguage":"sv-SE"},{"@type":"Question","@id":"https:\/\/borsvarlden.tacotech.se\/lan\/samla-lan\/#faq-question-1765182983187","position":1,"url":"https:\/\/borsvarlden.tacotech.se\/lan\/samla-lan\/#faq-question-1765182983187","name":"\u00c4r det v\u00e4rt att samla l\u00e5n?","answerCount":1,"acceptedAnswer":{"@type":"Answer","text":"Ja, det \u00e4r v\u00e4rt att samla flera l\u00e5n och krediter till ett st\u00f6rre. Du f\u00e5r oftast en l\u00e4gre r\u00e4nta och det \u00e4r betydligt enklare att hantera och betala av ett l\u00e5n \u00e4n flera sm\u00e5.","inLanguage":"sv-SE"},"inLanguage":"sv-SE"},{"@type":"Question","@id":"https:\/\/borsvarlden.tacotech.se\/lan\/samla-lan\/#faq-question-1765183156314","position":2,"url":"https:\/\/borsvarlden.tacotech.se\/lan\/samla-lan\/#faq-question-1765183156314","name":"Vad \u00e4r kraven f\u00f6r att f\u00e5 ett samlingsl\u00e5n?","answerCount":1,"acceptedAnswer":{"@type":"Answer","text":"Eftersom du l\u00e5nar ett st\u00f6rre belopp kan kraven p\u00e5 dig och din ekonomi \u00e4ven bli st\u00f6rre. Det som kr\u00e4vs \u00e4r att en inkomst, att du \u00e4r 18 \u00e5r och inte har f\u00f6r m\u00e5nga betalningsanm\u00e4rkningar. Vi rekommenderar dig att s\u00f6ka och se vilka som kan bevilja dig, ans\u00f6kan \u00e4r alltid f\u00f6ruts\u00e4ttningsl\u00f6s.","inLanguage":"sv-SE"},"inLanguage":"sv-SE"},{"@type":"Question","@id":"https:\/\/borsvarlden.tacotech.se\/lan\/samla-lan\/#faq-question-1768311885298","position":3,"url":"https:\/\/borsvarlden.tacotech.se\/lan\/samla-lan\/#faq-question-1768311885298","name":"\u00c4r det dumt att samla l\u00e5n?","answerCount":1,"acceptedAnswer":{"@type":"Answer","text":"\u00d6verlag att samla sm\u00e5 krediter till ett st\u00f6rre med l\u00e4gre r\u00e4nta \u00e4r bra. Men det \u00e4r viktigt att du inte bara skjuter upp kostnaden genom l\u00e4ngre \u00e5terbetalningstid. D\u00e5 kan det vara dumt.","inLanguage":"sv-SE"},"inLanguage":"sv-SE"}]}},"_links":{"self":[{"href":"https:\/\/borsvarlden.tacotech.se\/wp-json\/wp\/v2\/pages\/21","targetHints":{"allow":["GET"]}}],"collection":[{"href":"https:\/\/borsvarlden.tacotech.se\/wp-json\/wp\/v2\/pages"}],"about":[{"href":"https:\/\/borsvarlden.tacotech.se\/wp-json\/wp\/v2\/types\/page"}],"author":[{"embeddable":true,"href":"https:\/\/borsvarlden.tacotech.se\/wp-json\/wp\/v2\/users\/2"}],"replies":[{"embeddable":true,"href":"https:\/\/borsvarlden.tacotech.se\/wp-json\/wp\/v2\/comments?post=21"}],"version-history":[{"count":55,"href":"https:\/\/borsvarlden.tacotech.se\/wp-json\/wp\/v2\/pages\/21\/revisions"}],"predecessor-version":[{"id":851,"href":"https:\/\/borsvarlden.tacotech.se\/wp-json\/wp\/v2\/pages\/21\/revisions\/851"}],"up":[{"embeddable":true,"href":"https:\/\/borsvarlden.tacotech.se\/wp-json\/wp\/v2\/pages\/15"}],"wp:featuredmedia":[{"embeddable":true,"href":"https:\/\/borsvarlden.tacotech.se\/wp-json\/wp\/v2\/media\/419"}],"wp:attachment":[{"href":"https:\/\/borsvarlden.tacotech.se\/wp-json\/wp\/v2\/media?parent=21"}],"curies":[{"name":"wp","href":"https:\/\/api.w.org\/{rel}","templated":true}]}}