{"id":8,"date":"2025-10-20T10:50:47","date_gmt":"2025-10-20T10:50:47","guid":{"rendered":"https:\/\/borsvarlden.tacotech.se\/?page_id=8"},"modified":"2026-02-27T07:55:57","modified_gmt":"2026-02-27T07:55:57","slug":"borsvarlden","status":"publish","type":"page","link":"https:\/\/borsvarlden.tacotech.se\/","title":{"rendered":"Privatekonomi"},"content":{"rendered":"\n<h2 class=\"wp-block-heading\">B\u00f6rsv\u00e4rlden Privatekonomi &#8211; J\u00e4mf\u00f6r f\u00f6rs\u00e4kringar, kreditkort och l\u00e5n<\/h2>\n\n\n\n<p><strong>B\u00f6rsv\u00e4rlden Privatekonomi<\/strong> \u00e4r en del av <a href=\"\/\">B\u00f6rsv\u00e4rlden<\/a> d\u00e4r vi j\u00e4bmf\u00f6r f\u00f6rs\u00e4kringar, kreditkort och l\u00e5n. Varje finansprodukt vi granskat inneh\u00e5ller tydliga tabeller, genomg\u00e5ng av detaljer och en rekommendation av vilken produkt som generellt \u00e4r b\u00e4st.<\/p>\n\n\n\n<p><strong>G\u00e5 vidare och:<\/strong><\/p>\n\n\n\n<ul class=\"wp-block-list\">\n<li><a href=\"https:\/\/borsvarlden.tacotech.se\/lan\/\">J\u00e4mf\u00f6r l\u00e5n<\/a><\/li>\n\n\n\n<li><a href=\"https:\/\/borsvarlden.tacotech.se\/basta-kreditkortet\/\">J\u00e4mf\u00f6r kreditkort<\/a><\/li>\n\n\n\n<li><a href=\"https:\/\/borsvarlden.tacotech.se\/forsakring\/\">J\u00e4mf\u00f6r f\u00f6rs\u00e4kringar<\/a><\/li>\n<\/ul>\n\n\n\n<h2 class=\"wp-block-heading\">S\u00e5 g\u00e5r det till<\/h2>\n\n\n\n<p>Att ta hj\u00e4lp av v\u00e5ra guider \u00e4r enkelt och intuitivt! V\u00e5r m\u00e5ls\u00e4ttning \u00e4r att hj\u00e4lpa s\u00e5 m\u00e5nga som m\u00f6jligt hitta r\u00e4tt f\u00f6rs\u00e4kring, kreditkort och l\u00e5n genom <strong>enkla och trov\u00e4rdiga guider<\/strong>. Alla guider \u00e4r framtagna f\u00f6r att ge tillr\u00e4ckligt mycket information s\u00e5 att du som l\u00e4sare ska kunna ta kloka ekonomiska val.<\/p>\n\n\n\n<h3 class=\"wp-block-heading\">1. J\u00e4mf\u00f6r med hj\u00e4lp av v\u00e5ra guider<\/h3>\n\n\n\n<p>Alla guider \u00e4r omfattande och inneh\u00e5ller genomg\u00e5ng av respektive f\u00f6retag och deras produkter, t.ex. Hedvig och dess hemf\u00f6rs\u00e4kring. Tillsammans skapar all v\u00e5ra unders\u00f6kning <strong>kompletta och uppdaterade tabeller d\u00e4r du kan j\u00e4mf\u00f6ra priser, inneh\u00e5ll och villkor<\/strong>. Inget av inneh\u00e5llet \u00e4r p\u00e5verkat av de f\u00f6retag som \u00e4r med i j\u00e4mf\u00f6relsen.<\/p>\n\n\n\n<h3 class=\"wp-block-heading\">2. G\u00e5 vidare<\/h3>\n\n\n\n<p>V\u00e5r m\u00e5ls\u00e4ttning \u00e4r att du efter att ha l\u00e4st v\u00e5r guide ska vara trygg i att <strong>ta ett klokt och bra privatekonomiskt beslut<\/strong>. Det kan d\u00e5 handla om att teckna en ny f\u00f6rs\u00e4kring eller ans\u00f6ka om ett kreditkort. Vi p\u00e5 B\u00f6rsv\u00e4rlden hanterar inte dina ans\u00f6kningar utan l\u00e4mnar v\u00e5r webbplats och g\u00e5r vidare till det valda f\u00f6retaget. Och vi tackar f\u00f6r att du tagit del av v\u00e5r unders\u00f6kning.<\/p>\n\n\n\n<h3 class=\"wp-block-heading\">3. Teckna eller ans\u00f6k<\/h3>\n\n\n\n<p>I sista steget, hos f\u00f6rs\u00e4kringsbolaget eller kreditgivarens hemsida, tecknar du eller ans\u00f6ker om den valda finansprodukten. <strong>Och sen \u00e4r det klart<\/strong>, vi hoppas d\u00e5 att du har tagit v\u00e4lgrundat beslut baserat p\u00e5 v\u00e5ra guider som ocks\u00e5 sparar dig pengar varje \u00e5r. Det \u00e4r upp till f\u00f6retaget om de vill de godtar dig som kund eller inte. Alla \u00e4renden relaterat till ans\u00f6kan kan inte B\u00f6rsv\u00e4rlden hj\u00e4lpa dig med, utan du beh\u00f6ver kontakta ber\u00f6rt f\u00f6retag.<\/p>\n\n\n\n<h2 class=\"wp-block-heading\">Varf\u00f6r ta hj\u00e4lp av B\u00f6rsv\u00e4rlden?<\/h2>\n\n\n\n<p>B\u00f6rsv\u00e4rldens \u00e4r en finansiell nyhetskanal och modern \u201ckonceptbyr\u00e5\u201d med en m\u00e5ls\u00e4ttning att sticka ut i det finansiella mediebruset och ge dig informationen som du inte l\u00e4ser i \u00f6vrig finansmedia. V\u00e5r ambition \u00e4r inte att vara st\u00f6rst, snabbast eller att konkurrera med de rena nyhetsbyr\u00e5erna. Vi har en bred och djup f\u00f6rst\u00e5else f\u00f6r finansbranschens ofta v\u00e4ldigt komplicerade dynamik. Detta kombinerat med flertalet mycket uppskattade samarbetspartners och starka influencers ger oss en m\u00f6jlighet att ligga i framkant med nyt\u00e4nkande, kreativitet och f\u00f6rnyelse.<\/p>\n\n\n\n<p><strong>D\u00e4rf\u00f6r kan du lita p\u00e5 B\u00f6rsv\u00e4rlden med din unders\u00f6kning:<\/strong><\/p>\n\n\n\n<ul class=\"wp-block-list\">\n<li>L\u00e5ng erfarenhet av finansbranschen<\/li>\n\n\n\n<li>Allt inneh\u00e5ll \u00e4r granskat av experter<\/li>\n\n\n\n<li>En tydlig redaktionell policy f\u00f6r bes\u00f6karens b\u00e4sta<\/li>\n<\/ul>\n\n\n\n<h2 class=\"wp-block-heading\">Lita p\u00e5 B\u00f6rsv\u00e4rlden<\/h2>\n\n\n\n<p>F\u00f6r att s\u00e4kerst\u00e4lla bra kvalitet i v\u00e5ra j\u00e4mf\u00f6relseartiklar har vi tagit fram riktlinjer f\u00f6r hur inneh\u00e5llet kan och ska utformas. Vissa anpassningar kan f\u00f6rekomma och vi reserverar oss f\u00f6r eventuella felskrivningar eller att information \u00e4ndrar fortare \u00e4n vad vi hinner att uppdatera.<\/p>\n\n\n\n<p><strong>Dokumenten vi lutar oss tillbaka p\u00e5:<\/strong><\/p>\n\n\n\n<ul class=\"wp-block-list\">\n<li><strong><a href=\"https:\/\/borsvarlden.tacotech.se\/betygssystem\/\" type=\"page\" id=\"611\">Betygsystem<\/a>: <\/strong>en redog\u00f6relse f\u00f6r hur vi bed\u00f6mer och betygs\u00e4tter kreditkort, l\u00e5n och f\u00f6rs\u00e4kringar<\/li>\n\n\n\n<li><strong><a href=\"https:\/\/borsvarlden.tacotech.se\/redaktionell-policy\/\" type=\"page\" id=\"613\">Redaktionell policy<\/a>:<\/strong> grundbulten i hur vi utformar inneh\u00e5llet och vad vi anser \u00e4r bra och d\u00e5ligt inneh\u00e5ll<\/li>\n<\/ul>\n","protected":false},"excerpt":{"rendered":"<p>B\u00f6rsv\u00e4rlden Privatekonomi &#8211; J\u00e4mf\u00f6r f\u00f6rs\u00e4kringar, kreditkort och l\u00e5n B\u00f6rsv\u00e4rlden Privatekonomi \u00e4r en del av B\u00f6rsv\u00e4rlden d\u00e4r vi j\u00e4bmf\u00f6r f\u00f6rs\u00e4kringar, kreditkort och l\u00e5n. Varje finansprodukt vi granskat inneh\u00e5ller tydliga tabeller, genomg\u00e5ng av detaljer och en rekommendation av vilken produkt som generellt \u00e4r b\u00e4st. G\u00e5 vidare och: S\u00e5 g\u00e5r det till Att ta hj\u00e4lp av v\u00e5ra guider&hellip;&nbsp;<\/p>\n","protected":false},"author":2,"featured_media":0,"parent":0,"menu_order":0,"comment_status":"closed","ping_status":"closed","template":"","meta":{"_acf_changed":false,"neve_meta_sidebar":"","neve_meta_container":"","neve_meta_enable_content_width":"","neve_meta_content_width":0,"neve_meta_title_alignment":"","neve_meta_author_avatar":"","neve_post_elements_order":"","neve_meta_disable_header":"","neve_meta_disable_footer":"","neve_meta_disable_title":"","footnotes":""},"class_list":["post-8","page","type-page","status-publish","hentry"],"acf":[],"yoast_head":"<!-- This site is optimized with the Yoast SEO plugin v27.3 - https:\/\/yoast.com\/product\/yoast-seo-wordpress\/ -->\n<title>B\u00f6rsv\u00e4rlden Privatekonomi - J\u00e4mf\u00f6r f\u00f6rs\u00e4kringar, kreditkort och l\u00e5n<\/title>\n<meta property=\"og:locale\" content=\"sv_SE\" \/>\n<meta property=\"og:type\" content=\"article\" \/>\n<meta property=\"og:title\" content=\"B\u00f6rsv\u00e4rlden Privatekonomi - J\u00e4mf\u00f6r f\u00f6rs\u00e4kringar, kreditkort och l\u00e5n\" \/>\n<meta property=\"og:description\" content=\"B\u00f6rsv\u00e4rlden Privatekonomi &#8211; J\u00e4mf\u00f6r f\u00f6rs\u00e4kringar, kreditkort och l\u00e5n B\u00f6rsv\u00e4rlden Privatekonomi \u00e4r en del av B\u00f6rsv\u00e4rlden d\u00e4r vi j\u00e4bmf\u00f6r f\u00f6rs\u00e4kringar, kreditkort och l\u00e5n. Varje finansprodukt vi granskat inneh\u00e5ller tydliga tabeller, genomg\u00e5ng av detaljer och en rekommendation av vilken produkt som generellt \u00e4r b\u00e4st. G\u00e5 vidare och: S\u00e5 g\u00e5r det till Att ta hj\u00e4lp av v\u00e5ra guider&hellip;&nbsp;\" \/>\n<meta property=\"og:url\" content=\"https:\/\/borsvarlden.tacotech.se\/\" \/>\n<meta property=\"og:site_name\" content=\"Borsvarlden\" \/>\n<meta property=\"article:modified_time\" content=\"2026-02-27T07:55:57+00:00\" \/>\n<meta name=\"twitter:card\" content=\"summary_large_image\" \/>\n<meta name=\"twitter:label1\" content=\"Ber\u00e4knad l\u00e4stid\" \/>\n\t<meta name=\"twitter:data1\" content=\"3 minuter\" \/>\n<script type=\"application\/ld+json\" class=\"yoast-schema-graph\">{\"@context\":\"https:\\\/\\\/schema.org\",\"@graph\":[{\"@type\":\"WebPage\",\"@id\":\"https:\\\/\\\/borsvarlden.tacotech.se\\\/\",\"url\":\"https:\\\/\\\/borsvarlden.tacotech.se\\\/\",\"name\":\"B\u00f6rsv\u00e4rlden Privatekonomi - J\u00e4mf\u00f6r f\u00f6rs\u00e4kringar, kreditkort och l\u00e5n\",\"isPartOf\":{\"@id\":\"https:\\\/\\\/borsvarlden.tacotech.se\\\/#website\"},\"datePublished\":\"2025-10-20T10:50:47+00:00\",\"dateModified\":\"2026-02-27T07:55:57+00:00\",\"breadcrumb\":{\"@id\":\"https:\\\/\\\/borsvarlden.tacotech.se\\\/#breadcrumb\"},\"inLanguage\":\"sv-SE\",\"potentialAction\":[{\"@type\":\"ReadAction\",\"target\":[\"https:\\\/\\\/borsvarlden.tacotech.se\\\/\"]}]},{\"@type\":\"BreadcrumbList\",\"@id\":\"https:\\\/\\\/borsvarlden.tacotech.se\\\/#breadcrumb\",\"itemListElement\":[{\"@type\":\"ListItem\",\"position\":1,\"name\":\"B\u00f6rsv\u00e4rlden\",\"item\":\"https:\\\/\\\/borsvarlden.com\\\/\"},{\"@type\":\"ListItem\",\"position\":2,\"name\":\"Privatekonomi\",\"item\":\"https:\\\/\\\/borsvarlden.tacotech.se\\\/\"},{\"@type\":\"ListItem\",\"position\":3,\"name\":\"Privatekonomi\"}]},{\"@type\":\"WebSite\",\"@id\":\"https:\\\/\\\/borsvarlden.tacotech.se\\\/#website\",\"url\":\"https:\\\/\\\/borsvarlden.tacotech.se\\\/\",\"name\":\"Borsvarlden\",\"description\":\"\",\"potentialAction\":[{\"@type\":\"SearchAction\",\"target\":{\"@type\":\"EntryPoint\",\"urlTemplate\":\"https:\\\/\\\/borsvarlden.tacotech.se\\\/?s={search_term_string}\"},\"query-input\":{\"@type\":\"PropertyValueSpecification\",\"valueRequired\":true,\"valueName\":\"search_term_string\"}}],\"inLanguage\":\"sv-SE\"}]}<\/script>\n<!-- \/ Yoast SEO plugin. -->","yoast_head_json":{"title":"B\u00f6rsv\u00e4rlden Privatekonomi - J\u00e4mf\u00f6r f\u00f6rs\u00e4kringar, kreditkort och l\u00e5n","og_locale":"sv_SE","og_type":"article","og_title":"B\u00f6rsv\u00e4rlden Privatekonomi - J\u00e4mf\u00f6r f\u00f6rs\u00e4kringar, kreditkort och l\u00e5n","og_description":"B\u00f6rsv\u00e4rlden Privatekonomi &#8211; J\u00e4mf\u00f6r f\u00f6rs\u00e4kringar, kreditkort och l\u00e5n B\u00f6rsv\u00e4rlden Privatekonomi \u00e4r en del av B\u00f6rsv\u00e4rlden d\u00e4r vi j\u00e4bmf\u00f6r f\u00f6rs\u00e4kringar, kreditkort och l\u00e5n. Varje finansprodukt vi granskat inneh\u00e5ller tydliga tabeller, genomg\u00e5ng av detaljer och en rekommendation av vilken produkt som generellt \u00e4r b\u00e4st. G\u00e5 vidare och: S\u00e5 g\u00e5r det till Att ta hj\u00e4lp av v\u00e5ra guider&hellip;&nbsp;","og_url":"https:\/\/borsvarlden.tacotech.se\/","og_site_name":"Borsvarlden","article_modified_time":"2026-02-27T07:55:57+00:00","twitter_card":"summary_large_image","twitter_misc":{"Ber\u00e4knad l\u00e4stid":"3 minuter"},"schema":{"@context":"https:\/\/schema.org","@graph":[{"@type":"WebPage","@id":"https:\/\/borsvarlden.tacotech.se\/","url":"https:\/\/borsvarlden.tacotech.se\/","name":"B\u00f6rsv\u00e4rlden Privatekonomi - J\u00e4mf\u00f6r f\u00f6rs\u00e4kringar, kreditkort och l\u00e5n","isPartOf":{"@id":"https:\/\/borsvarlden.tacotech.se\/#website"},"datePublished":"2025-10-20T10:50:47+00:00","dateModified":"2026-02-27T07:55:57+00:00","breadcrumb":{"@id":"https:\/\/borsvarlden.tacotech.se\/#breadcrumb"},"inLanguage":"sv-SE","potentialAction":[{"@type":"ReadAction","target":["https:\/\/borsvarlden.tacotech.se\/"]}]},{"@type":"BreadcrumbList","@id":"https:\/\/borsvarlden.tacotech.se\/#breadcrumb","itemListElement":[{"@type":"ListItem","position":1,"name":"B\u00f6rsv\u00e4rlden","item":"https:\/\/borsvarlden.com\/"},{"@type":"ListItem","position":2,"name":"Privatekonomi","item":"https:\/\/borsvarlden.tacotech.se\/"},{"@type":"ListItem","position":3,"name":"Privatekonomi"}]},{"@type":"WebSite","@id":"https:\/\/borsvarlden.tacotech.se\/#website","url":"https:\/\/borsvarlden.tacotech.se\/","name":"Borsvarlden","description":"","potentialAction":[{"@type":"SearchAction","target":{"@type":"EntryPoint","urlTemplate":"https:\/\/borsvarlden.tacotech.se\/?s={search_term_string}"},"query-input":{"@type":"PropertyValueSpecification","valueRequired":true,"valueName":"search_term_string"}}],"inLanguage":"sv-SE"}]}},"_links":{"self":[{"href":"https:\/\/borsvarlden.tacotech.se\/wp-json\/wp\/v2\/pages\/8","targetHints":{"allow":["GET"]}}],"collection":[{"href":"https:\/\/borsvarlden.tacotech.se\/wp-json\/wp\/v2\/pages"}],"about":[{"href":"https:\/\/borsvarlden.tacotech.se\/wp-json\/wp\/v2\/types\/page"}],"author":[{"embeddable":true,"href":"https:\/\/borsvarlden.tacotech.se\/wp-json\/wp\/v2\/users\/2"}],"replies":[{"embeddable":true,"href":"https:\/\/borsvarlden.tacotech.se\/wp-json\/wp\/v2\/comments?post=8"}],"version-history":[{"count":28,"href":"https:\/\/borsvarlden.tacotech.se\/wp-json\/wp\/v2\/pages\/8\/revisions"}],"predecessor-version":[{"id":803,"href":"https:\/\/borsvarlden.tacotech.se\/wp-json\/wp\/v2\/pages\/8\/revisions\/803"}],"wp:attachment":[{"href":"https:\/\/borsvarlden.tacotech.se\/wp-json\/wp\/v2\/media?parent=8"}],"curies":[{"name":"wp","href":"https:\/\/api.w.org\/{rel}","templated":true}]}}